{"id":464,"date":"2023-03-23T11:16:35","date_gmt":"2023-03-23T14:16:35","guid":{"rendered":"https:\/\/sinemunicipal.campinagrande.pb.gov.br\/?page_id=464"},"modified":"2023-04-12T10:47:35","modified_gmt":"2023-04-12T13:47:35","slug":"cursos-qualifica-sine","status":"publish","type":"page","link":"http:\/\/sinemunicipal.campinagrande.pb.gov.br\/?page_id=464","title":{"rendered":"Cursos Qualifica Sine"},"content":{"rendered":"\t\t<div data-elementor-type=\"wp-page\" data-elementor-id=\"464\" class=\"elementor elementor-464\">\n\t\t\t\t\t\t<section class=\"elementor-section elementor-top-section elementor-element elementor-element-5e7955f0 elementor-section-boxed elementor-section-height-default elementor-section-height-default\" data-id=\"5e7955f0\" data-element_type=\"section\">\n\t\t\t\t\t\t<div class=\"elementor-container elementor-column-gap-default\">\n\t\t\t\t\t<div class=\"elementor-column elementor-col-100 elementor-top-column elementor-element elementor-element-443b16b8\" data-id=\"443b16b8\" data-element_type=\"column\">\n\t\t\t<div class=\"elementor-widget-wrap elementor-element-populated\">\n\t\t\t\t\t\t<div class=\"elementor-element elementor-element-5059706 elementor-widget elementor-widget-text-editor\" data-id=\"5059706\" data-element_type=\"widget\" data-widget_type=\"text-editor.default\">\n\t\t\t\t<div class=\"elementor-widget-container\">\n\t\t\t\t\t\t\t\t\t<p><img fetchpriority=\"high\" decoding=\"async\" class=\"aligncenter wp-image-499 size-full\" src=\"http:\/\/sinemunicipal.campinagrande.pb.gov.br\/wp-content\/uploads\/2023\/04\/Welcome.png\" alt=\"\" width=\"1366\" height=\"768\" srcset=\"http:\/\/sinemunicipal.campinagrande.pb.gov.br\/wp-content\/uploads\/2023\/04\/Welcome.png 1366w, http:\/\/sinemunicipal.campinagrande.pb.gov.br\/wp-content\/uploads\/2023\/04\/Welcome-300x169.png 300w, http:\/\/sinemunicipal.campinagrande.pb.gov.br\/wp-content\/uploads\/2023\/04\/Welcome-1024x576.png 1024w, http:\/\/sinemunicipal.campinagrande.pb.gov.br\/wp-content\/uploads\/2023\/04\/Welcome-768x432.png 768w\" sizes=\"(max-width: 1366px) 100vw, 1366px\" \/><\/p>\n<p><\/p>\n<p>O projeto <strong>Qualifica Sine<\/strong>, \u00e9&nbsp; um programa de extens\u00e3o do Sine Municipal de Campina Grande focado em qualificar a m\u00e3o de obra local a partir de cursos, oficinas e treinamentos gratuitos realizados por empreendedores e empresas parceiras.<\/p>\n<p>O objetivo da a\u00e7\u00e3o \u00e9 capacitar jovens e adultos que est\u00e3o buscando oportunidades gratuitas para facilitar a entrada no mercado de trabalho.<\/p>\n<p>Ficou interessado?! Fa\u00e7a seu cadastro em um dos nossos cursos clicando no bot\u00e3o abaixo.<\/p>\n<div>&nbsp;<\/div>\t\t\t\t\t\t\t\t<\/div>\n\t\t\t\t<\/div>\n\t\t\t\t<div class=\"elementor-element elementor-element-93b8909 elementor-widget elementor-widget-button\" data-id=\"93b8909\" data-element_type=\"widget\" data-widget_type=\"button.default\">\n\t\t\t\t<div class=\"elementor-widget-container\">\n\t\t\t\t\t\t\t\t\t<div class=\"elementor-button-wrapper\">\n\t\t\t\t\t<a class=\"elementor-button elementor-button-link elementor-size-sm\" href=\"https:\/\/docs.google.com\/forms\/d\/e\/1FAIpQLSdjzRHutffPpWMMbpSZB81OYD3dH_4_z_6WH0o7TCiQPGu8kA\/viewform\" target=\"_blank\">\n\t\t\t\t\t\t<span class=\"elementor-button-content-wrapper\">\n\t\t\t\t\t\t\t\t\t<span class=\"elementor-button-text\">Clique aqui<\/span>\n\t\t\t\t\t<\/span>\n\t\t\t\t\t<\/a>\n\t\t\t\t<\/div>\n\t\t\t\t\t\t\t\t<\/div>\n\t\t\t\t<\/div>\n\t\t\t\t\t<\/div>\n\t\t<\/div>\n\t\t\t\t\t<\/div>\n\t\t<\/section>\n\t\t\t\t<\/div>\n\t\t","protected":false},"excerpt":{"rendered":"<p>O projeto Qualifica Sine, \u00e9&nbsp; um programa de extens\u00e3o do Sine Municipal de Campina Grande focado em qualificar a m\u00e3o de obra local a partir de cursos, oficinas e treinamentos gratuitos realizados por empreendedores e empresas parceiras. O objetivo da a\u00e7\u00e3o \u00e9 capacitar jovens e adultos que est\u00e3o buscando oportunidades gratuitas para facilitar a entrada [&hellip;]<\/p>\n","protected":false},"author":1,"featured_media":0,"parent":0,"menu_order":0,"comment_status":"closed","ping_status":"closed","template":"","meta":{"footnotes":""},"class_list":["post-464","page","type-page","status-publish","hentry"],"rttpg_featured_image_url":null,"rttpg_author":{"display_name":"SECTI - Campina Grande","author_link":"http:\/\/sinemunicipal.campinagrande.pb.gov.br\/?author=1"},"rttpg_comment":0,"rttpg_category":null,"rttpg_excerpt":"O projeto Qualifica Sine, \u00e9&nbsp; um programa de extens\u00e3o do Sine Municipal de Campina Grande focado em qualificar a m\u00e3o de obra local a partir de cursos, oficinas e treinamentos gratuitos realizados por empreendedores e empresas parceiras. O objetivo da a\u00e7\u00e3o \u00e9 capacitar jovens e adultos que est\u00e3o buscando oportunidades gratuitas para facilitar a entrada&hellip;","_links":{"self":[{"href":"http:\/\/sinemunicipal.campinagrande.pb.gov.br\/index.php?rest_route=\/wp\/v2\/pages\/464","targetHints":{"allow":["GET"]}}],"collection":[{"href":"http:\/\/sinemunicipal.campinagrande.pb.gov.br\/index.php?rest_route=\/wp\/v2\/pages"}],"about":[{"href":"http:\/\/sinemunicipal.campinagrande.pb.gov.br\/index.php?rest_route=\/wp\/v2\/types\/page"}],"author":[{"embeddable":true,"href":"http:\/\/sinemunicipal.campinagrande.pb.gov.br\/index.php?rest_route=\/wp\/v2\/users\/1"}],"replies":[{"embeddable":true,"href":"http:\/\/sinemunicipal.campinagrande.pb.gov.br\/index.php?rest_route=%2Fwp%2Fv2%2Fcomments&post=464"}],"version-history":[{"count":18,"href":"http:\/\/sinemunicipal.campinagrande.pb.gov.br\/index.php?rest_route=\/wp\/v2\/pages\/464\/revisions"}],"predecessor-version":[{"id":568,"href":"http:\/\/sinemunicipal.campinagrande.pb.gov.br\/index.php?rest_route=\/wp\/v2\/pages\/464\/revisions\/568"}],"wp:attachment":[{"href":"http:\/\/sinemunicipal.campinagrande.pb.gov.br\/index.php?rest_route=%2Fwp%2Fv2%2Fmedia&parent=464"}],"curies":[{"name":"wp","href":"https:\/\/api.w.org\/{rel}","templated":true}]}}