{"id":467,"date":"2023-03-23T11:18:10","date_gmt":"2023-03-23T14:18:10","guid":{"rendered":"https:\/\/sinemunicipal.campinagrande.pb.gov.br\/?page_id=467"},"modified":"2023-04-19T09:26:41","modified_gmt":"2023-04-19T12:26:41","slug":"trabalhador-autonomo","status":"publish","type":"page","link":"http:\/\/sinemunicipal.campinagrande.pb.gov.br\/?page_id=467","title":{"rendered":"Trabalhador Aut\u00f4nomo"},"content":{"rendered":"\t\t<div data-elementor-type=\"wp-page\" data-elementor-id=\"467\" class=\"elementor elementor-467\">\n\t\t\t\t\t\t<section class=\"elementor-section elementor-top-section elementor-element elementor-element-6ef030a elementor-section-boxed elementor-section-height-default elementor-section-height-default\" data-id=\"6ef030a\" data-element_type=\"section\">\n\t\t\t\t\t\t<div class=\"elementor-container elementor-column-gap-default\">\n\t\t\t\t\t<div class=\"elementor-column elementor-col-100 elementor-top-column elementor-element elementor-element-7aeddbe\" data-id=\"7aeddbe\" data-element_type=\"column\">\n\t\t\t<div class=\"elementor-widget-wrap\">\n\t\t\t\t\t\t\t<\/div>\n\t\t<\/div>\n\t\t\t\t\t<\/div>\n\t\t<\/section>\n\t\t\t\t<section class=\"elementor-section elementor-top-section elementor-element elementor-element-43159b7 elementor-section-boxed elementor-section-height-default elementor-section-height-default\" data-id=\"43159b7\" data-element_type=\"section\">\n\t\t\t\t\t\t<div class=\"elementor-container elementor-column-gap-default\">\n\t\t\t\t\t<div class=\"elementor-column elementor-col-100 elementor-top-column elementor-element elementor-element-f8054ef\" data-id=\"f8054ef\" data-element_type=\"column\">\n\t\t\t<div class=\"elementor-widget-wrap elementor-element-populated\">\n\t\t\t\t\t\t<div class=\"elementor-element elementor-element-c6e5181 elementor-widget elementor-widget-image\" data-id=\"c6e5181\" data-element_type=\"widget\" data-widget_type=\"image.default\">\n\t\t\t\t<div class=\"elementor-widget-container\">\n\t\t\t\t\t\t\t\t\t\t\t\t\t\t\t<img fetchpriority=\"high\" decoding=\"async\" width=\"640\" height=\"360\" src=\"http:\/\/sinemunicipal.campinagrande.pb.gov.br\/wp-content\/uploads\/2023\/04\/Welcome1-1024x576.png\" class=\"attachment-large size-large wp-image-637\" alt=\"\" srcset=\"http:\/\/sinemunicipal.campinagrande.pb.gov.br\/wp-content\/uploads\/2023\/04\/Welcome1-1024x576.png 1024w, http:\/\/sinemunicipal.campinagrande.pb.gov.br\/wp-content\/uploads\/2023\/04\/Welcome1-300x169.png 300w, http:\/\/sinemunicipal.campinagrande.pb.gov.br\/wp-content\/uploads\/2023\/04\/Welcome1-768x432.png 768w, http:\/\/sinemunicipal.campinagrande.pb.gov.br\/wp-content\/uploads\/2023\/04\/Welcome1.png 1366w\" sizes=\"(max-width: 640px) 100vw, 640px\" \/>\t\t\t\t\t\t\t\t\t\t\t\t\t\t\t<\/div>\n\t\t\t\t<\/div>\n\t\t\t\t\t<\/div>\n\t\t<\/div>\n\t\t\t\t\t<\/div>\n\t\t<\/section>\n\t\t\t\t<section class=\"elementor-section elementor-top-section elementor-element elementor-element-92d0d30 elementor-section-boxed elementor-section-height-default elementor-section-height-default\" data-id=\"92d0d30\" data-element_type=\"section\">\n\t\t\t\t\t\t<div class=\"elementor-container elementor-column-gap-default\">\n\t\t\t\t\t<div class=\"elementor-column elementor-col-100 elementor-top-column elementor-element elementor-element-a71222b\" data-id=\"a71222b\" data-element_type=\"column\">\n\t\t\t<div class=\"elementor-widget-wrap elementor-element-populated\">\n\t\t\t\t\t\t<div class=\"elementor-element elementor-element-6c912b3 elementor-widget elementor-widget-text-editor\" data-id=\"6c912b3\" data-element_type=\"widget\" data-widget_type=\"text-editor.default\">\n\t\t\t\t<div class=\"elementor-widget-container\">\n\t\t\t\t\t\t\t\t\t<p>\u00c9 trabalhador aut\u00f4nomo e est\u00e1 em busca de uma oportunidade no mercado de trabalho? Fa\u00e7a seu cadastro no Sine Municipal de Campina Grande. <strong>Basta clicar abaixo e preencher o formul\u00e1rio.<\/strong><\/p>\t\t\t\t\t\t\t\t<\/div>\n\t\t\t\t<\/div>\n\t\t\t\t<div class=\"elementor-element elementor-element-373818b elementor-align-left elementor-widget elementor-widget-button\" data-id=\"373818b\" data-element_type=\"widget\" data-widget_type=\"button.default\">\n\t\t\t\t<div class=\"elementor-widget-container\">\n\t\t\t\t\t\t\t\t\t<div class=\"elementor-button-wrapper\">\n\t\t\t\t\t<a class=\"elementor-button elementor-button-link elementor-size-md\" href=\"https:\/\/forms.gle\/CXhYimKu1TkReeL2A\">\n\t\t\t\t\t\t<span class=\"elementor-button-content-wrapper\">\n\t\t\t\t\t\t\t\t\t<span class=\"elementor-button-text\">Clique aqui<\/span>\n\t\t\t\t\t<\/span>\n\t\t\t\t\t<\/a>\n\t\t\t\t<\/div>\n\t\t\t\t\t\t\t\t<\/div>\n\t\t\t\t<\/div>\n\t\t\t\t\t<\/div>\n\t\t<\/div>\n\t\t\t\t\t<\/div>\n\t\t<\/section>\n\t\t\t\t<\/div>\n\t\t","protected":false},"excerpt":{"rendered":"<p>\u00c9 trabalhador aut\u00f4nomo e est\u00e1 em busca de uma oportunidade no mercado de trabalho? Fa\u00e7a seu cadastro no Sine Municipal de Campina Grande. Basta clicar abaixo e preencher o formul\u00e1rio. Clique aqui<\/p>\n","protected":false},"author":1,"featured_media":0,"parent":0,"menu_order":0,"comment_status":"closed","ping_status":"closed","template":"","meta":{"footnotes":""},"class_list":["post-467","page","type-page","status-publish","hentry"],"rttpg_featured_image_url":null,"rttpg_author":{"display_name":"SECTI - Campina Grande","author_link":"http:\/\/sinemunicipal.campinagrande.pb.gov.br\/?author=1"},"rttpg_comment":0,"rttpg_category":null,"rttpg_excerpt":"\u00c9 trabalhador aut\u00f4nomo e est\u00e1 em busca de uma oportunidade no mercado de trabalho? Fa\u00e7a seu cadastro no Sine Municipal de Campina Grande. Basta clicar abaixo e preencher o formul\u00e1rio. Clique aqui","_links":{"self":[{"href":"http:\/\/sinemunicipal.campinagrande.pb.gov.br\/index.php?rest_route=\/wp\/v2\/pages\/467","targetHints":{"allow":["GET"]}}],"collection":[{"href":"http:\/\/sinemunicipal.campinagrande.pb.gov.br\/index.php?rest_route=\/wp\/v2\/pages"}],"about":[{"href":"http:\/\/sinemunicipal.campinagrande.pb.gov.br\/index.php?rest_route=\/wp\/v2\/types\/page"}],"author":[{"embeddable":true,"href":"http:\/\/sinemunicipal.campinagrande.pb.gov.br\/index.php?rest_route=\/wp\/v2\/users\/1"}],"replies":[{"embeddable":true,"href":"http:\/\/sinemunicipal.campinagrande.pb.gov.br\/index.php?rest_route=%2Fwp%2Fv2%2Fcomments&post=467"}],"version-history":[{"count":19,"href":"http:\/\/sinemunicipal.campinagrande.pb.gov.br\/index.php?rest_route=\/wp\/v2\/pages\/467\/revisions"}],"predecessor-version":[{"id":659,"href":"http:\/\/sinemunicipal.campinagrande.pb.gov.br\/index.php?rest_route=\/wp\/v2\/pages\/467\/revisions\/659"}],"wp:attachment":[{"href":"http:\/\/sinemunicipal.campinagrande.pb.gov.br\/index.php?rest_route=%2Fwp%2Fv2%2Fmedia&parent=467"}],"curies":[{"name":"wp","href":"https:\/\/api.w.org\/{rel}","templated":true}]}}