{"id":548,"date":"2023-04-12T10:29:00","date_gmt":"2023-04-12T13:29:00","guid":{"rendered":"https:\/\/sinemunicipal.campinagrande.pb.gov.br\/?page_id=548"},"modified":"2023-04-12T10:57:20","modified_gmt":"2023-04-12T13:57:20","slug":"coordenacao","status":"publish","type":"page","link":"http:\/\/sinemunicipal.campinagrande.pb.gov.br\/?page_id=548","title":{"rendered":"Coordena\u00e7\u00e3o"},"content":{"rendered":"\t\t<div data-elementor-type=\"wp-page\" data-elementor-id=\"548\" class=\"elementor elementor-548\">\n\t\t\t\t\t\t<section class=\"elementor-section elementor-top-section elementor-element elementor-element-79ba3e0 elementor-section-boxed elementor-section-height-default elementor-section-height-default\" data-id=\"79ba3e0\" data-element_type=\"section\">\n\t\t\t\t\t\t<div class=\"elementor-container elementor-column-gap-default\">\n\t\t\t\t\t<div class=\"elementor-column elementor-col-100 elementor-top-column elementor-element elementor-element-dbe767c\" data-id=\"dbe767c\" data-element_type=\"column\">\n\t\t\t<div class=\"elementor-widget-wrap\">\n\t\t\t\t\t\t\t<\/div>\n\t\t<\/div>\n\t\t\t\t\t<\/div>\n\t\t<\/section>\n\t\t\t\t<section class=\"elementor-section elementor-top-section elementor-element elementor-element-9feb35d elementor-section-boxed elementor-section-height-default elementor-section-height-default\" data-id=\"9feb35d\" data-element_type=\"section\">\n\t\t\t\t\t\t<div class=\"elementor-container elementor-column-gap-default\">\n\t\t\t\t\t<div class=\"elementor-column elementor-col-100 elementor-top-column elementor-element elementor-element-8fb3332\" data-id=\"8fb3332\" data-element_type=\"column\">\n\t\t\t<div class=\"elementor-widget-wrap elementor-element-populated\">\n\t\t\t\t\t\t<div class=\"elementor-element elementor-element-fb59e54 elementor-widget__width-initial elementor-widget elementor-widget-image\" data-id=\"fb59e54\" data-element_type=\"widget\" data-widget_type=\"image.default\">\n\t\t\t\t<div class=\"elementor-widget-container\">\n\t\t\t\t\t\t\t\t\t\t\t\t\t\t\t<img fetchpriority=\"high\" decoding=\"async\" width=\"600\" height=\"400\" src=\"http:\/\/sinemunicipal.campinagrande.pb.gov.br\/wp-content\/uploads\/2023\/04\/soraya-brasileiro-600x400.jpeg\" class=\"attachment-espyjobs-blog-thumbnail-img size-espyjobs-blog-thumbnail-img wp-image-578\" alt=\"\" \/>\t\t\t\t\t\t\t\t\t\t\t\t\t\t\t<\/div>\n\t\t\t\t<\/div>\n\t\t\t\t<div class=\"elementor-element elementor-element-cf30a4d elementor-widget elementor-widget-heading\" data-id=\"cf30a4d\" data-element_type=\"widget\" data-widget_type=\"heading.default\">\n\t\t\t\t<div class=\"elementor-widget-container\">\n\t\t\t\t\t<h2 class=\"elementor-heading-title elementor-size-medium\">Soraya Brasileiro<\/h2>\t\t\t\t<\/div>\n\t\t\t\t<\/div>\n\t\t\t\t<div class=\"elementor-element elementor-element-17a9766 elementor-widget elementor-widget-text-editor\" data-id=\"17a9766\" data-element_type=\"widget\" data-widget_type=\"text-editor.default\">\n\t\t\t\t<div class=\"elementor-widget-container\">\n\t\t\t\t\t\t\t\t\t<p class=\"MsoNormal\" style=\"text-align: justify;\">Soraya Maria Brasileiro de Lima \u00e9 empres\u00e1ria em Campina Grande desde 1997, atuando no ramo de vestimenta padronizada, fardamentos militares e escolares. Possui gradua\u00e7\u00e3o em Administra\u00e7\u00e3o e Gest\u00e3o P\u00fablica pela UNOPAR &#8211; unidade Campina Grande. Exerceu atividades profissionais em diversos n\u00edveis empresariais no setor privado, al\u00e9m de vasta experi\u00eancia em Gest\u00e3o P\u00fablica, com destaque aos cargos de Diretora Financeira da Secretaria de Juventude, Esporte e Lazer &#8211; SEJEL (2013 &#8211; 2016), Prestadora de Servi\u00e7os de Controladoria Interna (2016 &#8211; 2018), Assessora Pol\u00edtica do Gabinete do Prefeito (2017 &#8211; 2020), assumiu o cargo de Vereadora na C\u00e2mara Municipal F\u00e9lix Ara\u00fajo, Campina Grande (2018-2019). Atualmente \u00e9 Coordenadora do Sistema Nacional de Empregos &#8211; Sine Municipal de Campina Grande e suplemento ao cargo de vereadora.<\/p>\t\t\t\t\t\t\t\t<\/div>\n\t\t\t\t<\/div>\n\t\t\t\t\t<\/div>\n\t\t<\/div>\n\t\t\t\t\t<\/div>\n\t\t<\/section>\n\t\t\t\t<\/div>\n\t\t","protected":false},"excerpt":{"rendered":"<p>Soraya Brasileiro Soraya Maria Brasileiro de Lima \u00e9 empres\u00e1ria em Campina Grande desde 1997, atuando no ramo de vestimenta padronizada, fardamentos militares e escolares. Possui gradua\u00e7\u00e3o em Administra\u00e7\u00e3o e Gest\u00e3o P\u00fablica pela UNOPAR &#8211; unidade Campina Grande. Exerceu atividades profissionais em diversos n\u00edveis empresariais no setor privado, al\u00e9m de vasta experi\u00eancia em Gest\u00e3o P\u00fablica, com [&hellip;]<\/p>\n","protected":false},"author":5,"featured_media":0,"parent":0,"menu_order":0,"comment_status":"closed","ping_status":"closed","template":"","meta":{"footnotes":""},"class_list":["post-548","page","type-page","status-publish","hentry"],"rttpg_featured_image_url":null,"rttpg_author":{"display_name":"midia sine","author_link":"http:\/\/sinemunicipal.campinagrande.pb.gov.br\/?author=5"},"rttpg_comment":0,"rttpg_category":null,"rttpg_excerpt":"Soraya Brasileiro Soraya Maria Brasileiro de Lima \u00e9 empres\u00e1ria em Campina Grande desde 1997, atuando no ramo de vestimenta padronizada, fardamentos militares e escolares. Possui gradua\u00e7\u00e3o em Administra\u00e7\u00e3o e Gest\u00e3o P\u00fablica pela UNOPAR &#8211; unidade Campina Grande. Exerceu atividades profissionais em diversos n\u00edveis empresariais no setor privado, al\u00e9m de vasta experi\u00eancia em Gest\u00e3o P\u00fablica, com&hellip;","_links":{"self":[{"href":"http:\/\/sinemunicipal.campinagrande.pb.gov.br\/index.php?rest_route=\/wp\/v2\/pages\/548","targetHints":{"allow":["GET"]}}],"collection":[{"href":"http:\/\/sinemunicipal.campinagrande.pb.gov.br\/index.php?rest_route=\/wp\/v2\/pages"}],"about":[{"href":"http:\/\/sinemunicipal.campinagrande.pb.gov.br\/index.php?rest_route=\/wp\/v2\/types\/page"}],"author":[{"embeddable":true,"href":"http:\/\/sinemunicipal.campinagrande.pb.gov.br\/index.php?rest_route=\/wp\/v2\/users\/5"}],"replies":[{"embeddable":true,"href":"http:\/\/sinemunicipal.campinagrande.pb.gov.br\/index.php?rest_route=%2Fwp%2Fv2%2Fcomments&post=548"}],"version-history":[{"count":15,"href":"http:\/\/sinemunicipal.campinagrande.pb.gov.br\/index.php?rest_route=\/wp\/v2\/pages\/548\/revisions"}],"predecessor-version":[{"id":581,"href":"http:\/\/sinemunicipal.campinagrande.pb.gov.br\/index.php?rest_route=\/wp\/v2\/pages\/548\/revisions\/581"}],"wp:attachment":[{"href":"http:\/\/sinemunicipal.campinagrande.pb.gov.br\/index.php?rest_route=%2Fwp%2Fv2%2Fmedia&parent=548"}],"curies":[{"name":"wp","href":"https:\/\/api.w.org\/{rel}","templated":true}]}}