{"id":688,"date":"2023-05-02T09:20:36","date_gmt":"2023-05-02T12:20:36","guid":{"rendered":"https:\/\/sinemunicipal.campinagrande.pb.gov.br\/?page_id=688"},"modified":"2023-05-02T09:27:23","modified_gmt":"2023-05-02T12:27:23","slug":"projeto-1mio-unicef","status":"publish","type":"page","link":"http:\/\/sinemunicipal.campinagrande.pb.gov.br\/?page_id=688","title":{"rendered":"Projeto 1mio Unicef"},"content":{"rendered":"\t\t<div data-elementor-type=\"wp-page\" data-elementor-id=\"688\" class=\"elementor elementor-688\">\n\t\t\t\t\t\t<section class=\"elementor-section elementor-top-section elementor-element elementor-element-c622423 elementor-section-boxed elementor-section-height-default elementor-section-height-default\" data-id=\"c622423\" data-element_type=\"section\">\n\t\t\t\t\t\t<div class=\"elementor-container elementor-column-gap-default\">\n\t\t\t\t\t<div class=\"elementor-column elementor-col-100 elementor-top-column elementor-element elementor-element-5479e19\" data-id=\"5479e19\" data-element_type=\"column\">\n\t\t\t<div class=\"elementor-widget-wrap elementor-element-populated\">\n\t\t\t\t\t\t<div class=\"elementor-element elementor-element-6226a9d elementor-widget elementor-widget-image\" data-id=\"6226a9d\" data-element_type=\"widget\" data-widget_type=\"image.default\">\n\t\t\t\t<div class=\"elementor-widget-container\">\n\t\t\t\t\t\t\t\t\t\t\t\t\t\t\t<img fetchpriority=\"high\" decoding=\"async\" width=\"640\" height=\"358\" src=\"http:\/\/sinemunicipal.campinagrande.pb.gov.br\/wp-content\/uploads\/2023\/05\/1mio-1024x572.jpeg\" class=\"attachment-large size-large wp-image-689\" alt=\"\" srcset=\"http:\/\/sinemunicipal.campinagrande.pb.gov.br\/wp-content\/uploads\/2023\/05\/1mio-1024x572.jpeg 1024w, http:\/\/sinemunicipal.campinagrande.pb.gov.br\/wp-content\/uploads\/2023\/05\/1mio-300x168.jpeg 300w, http:\/\/sinemunicipal.campinagrande.pb.gov.br\/wp-content\/uploads\/2023\/05\/1mio-768x429.jpeg 768w, http:\/\/sinemunicipal.campinagrande.pb.gov.br\/wp-content\/uploads\/2023\/05\/1mio.jpeg 1280w\" sizes=\"(max-width: 640px) 100vw, 640px\" \/>\t\t\t\t\t\t\t\t\t\t\t\t\t\t\t<\/div>\n\t\t\t\t<\/div>\n\t\t\t\t\t<\/div>\n\t\t<\/div>\n\t\t\t\t\t<\/div>\n\t\t<\/section>\n\t\t\t\t<section class=\"elementor-section elementor-top-section elementor-element elementor-element-cadd3e3 elementor-section-boxed elementor-section-height-default elementor-section-height-default\" data-id=\"cadd3e3\" data-element_type=\"section\">\n\t\t\t\t\t\t<div class=\"elementor-container elementor-column-gap-default\">\n\t\t\t\t\t<div class=\"elementor-column elementor-col-100 elementor-top-column elementor-element elementor-element-25ada85\" data-id=\"25ada85\" data-element_type=\"column\">\n\t\t\t<div class=\"elementor-widget-wrap elementor-element-populated\">\n\t\t\t\t\t\t<div class=\"elementor-element elementor-element-3c648f4 elementor-widget elementor-widget-text-editor\" data-id=\"3c648f4\" data-element_type=\"widget\" data-widget_type=\"text-editor.default\">\n\t\t\t\t<div class=\"elementor-widget-container\">\n\t\t\t\t\t\t\t\t\t<p>A iniciativa Um Milh\u00e3o de Oportunidades (1MiO) \u00e9 a maior articula\u00e7\u00e3o do Brasil pela inclus\u00e3o produtiva de adolescentes e jovens no mundo do trabalho decente.<span style=\"color: var( --e-global-color-text ); font-family: var( --e-global-typography-text-font-family ), Sans-serif; font-weight: var( --e-global-typography-text-font-weight );\">&nbsp;<\/span><\/p>\n<p>Liderada pelo Fundo das Na\u00e7\u00f5es Unidas para a Inf\u00e2ncia (UNICEF), ela re\u00fane mais de 2.000 parceiros do setor privado, sociedade civil, governos e jovens comprometidos em gerar oportunidades para uma transi\u00e7\u00e3o positiva da juventude da escola para o trabalho.<\/p><p>Fa\u00e7a parte dessa transforma\u00e7\u00e3o! Clique no bot\u00e3o abaixo e obtenha mais informa\u00e7\u00f5es:<\/p>\n<p><\/p>\t\t\t\t\t\t\t\t<\/div>\n\t\t\t\t<\/div>\n\t\t\t\t\t<\/div>\n\t\t<\/div>\n\t\t\t\t\t<\/div>\n\t\t<\/section>\n\t\t\t\t<section class=\"elementor-section elementor-top-section elementor-element elementor-element-813199b elementor-section-boxed elementor-section-height-default elementor-section-height-default\" data-id=\"813199b\" data-element_type=\"section\">\n\t\t\t\t\t\t<div class=\"elementor-container elementor-column-gap-default\">\n\t\t\t\t\t<div class=\"elementor-column elementor-col-100 elementor-top-column elementor-element elementor-element-52764a3\" data-id=\"52764a3\" data-element_type=\"column\">\n\t\t\t<div class=\"elementor-widget-wrap elementor-element-populated\">\n\t\t\t\t\t\t<div class=\"elementor-element elementor-element-4215268 elementor-widget elementor-widget-button\" data-id=\"4215268\" data-element_type=\"widget\" data-widget_type=\"button.default\">\n\t\t\t\t<div class=\"elementor-widget-container\">\n\t\t\t\t\t\t\t\t\t<div class=\"elementor-button-wrapper\">\n\t\t\t\t\t<a class=\"elementor-button elementor-button-link elementor-size-sm\" href=\"https:\/\/1mio.com.br\/\" target=\"_blank\">\n\t\t\t\t\t\t<span class=\"elementor-button-content-wrapper\">\n\t\t\t\t\t\t\t\t\t<span class=\"elementor-button-text\">Clique aqui<\/span>\n\t\t\t\t\t<\/span>\n\t\t\t\t\t<\/a>\n\t\t\t\t<\/div>\n\t\t\t\t\t\t\t\t<\/div>\n\t\t\t\t<\/div>\n\t\t\t\t\t<\/div>\n\t\t<\/div>\n\t\t\t\t\t<\/div>\n\t\t<\/section>\n\t\t\t\t<\/div>\n\t\t","protected":false},"excerpt":{"rendered":"<p>A iniciativa Um Milh\u00e3o de Oportunidades (1MiO) \u00e9 a maior articula\u00e7\u00e3o do Brasil pela inclus\u00e3o produtiva de adolescentes e jovens no mundo do trabalho decente.&nbsp; Liderada pelo Fundo das Na\u00e7\u00f5es Unidas para a Inf\u00e2ncia (UNICEF), ela re\u00fane mais de 2.000 parceiros do setor privado, sociedade civil, governos e jovens comprometidos em gerar oportunidades para uma [&hellip;]<\/p>\n","protected":false},"author":5,"featured_media":0,"parent":0,"menu_order":0,"comment_status":"closed","ping_status":"closed","template":"","meta":{"footnotes":""},"class_list":["post-688","page","type-page","status-publish","hentry"],"rttpg_featured_image_url":null,"rttpg_author":{"display_name":"midia sine","author_link":"http:\/\/sinemunicipal.campinagrande.pb.gov.br\/?author=5"},"rttpg_comment":0,"rttpg_category":null,"rttpg_excerpt":"A iniciativa Um Milh\u00e3o de Oportunidades (1MiO) \u00e9 a maior articula\u00e7\u00e3o do Brasil pela inclus\u00e3o produtiva de adolescentes e jovens no mundo do trabalho decente.&nbsp; Liderada pelo Fundo das Na\u00e7\u00f5es Unidas para a Inf\u00e2ncia (UNICEF), ela re\u00fane mais de 2.000 parceiros do setor privado, sociedade civil, governos e jovens comprometidos em gerar oportunidades para uma&hellip;","_links":{"self":[{"href":"http:\/\/sinemunicipal.campinagrande.pb.gov.br\/index.php?rest_route=\/wp\/v2\/pages\/688","targetHints":{"allow":["GET"]}}],"collection":[{"href":"http:\/\/sinemunicipal.campinagrande.pb.gov.br\/index.php?rest_route=\/wp\/v2\/pages"}],"about":[{"href":"http:\/\/sinemunicipal.campinagrande.pb.gov.br\/index.php?rest_route=\/wp\/v2\/types\/page"}],"author":[{"embeddable":true,"href":"http:\/\/sinemunicipal.campinagrande.pb.gov.br\/index.php?rest_route=\/wp\/v2\/users\/5"}],"replies":[{"embeddable":true,"href":"http:\/\/sinemunicipal.campinagrande.pb.gov.br\/index.php?rest_route=%2Fwp%2Fv2%2Fcomments&post=688"}],"version-history":[{"count":3,"href":"http:\/\/sinemunicipal.campinagrande.pb.gov.br\/index.php?rest_route=\/wp\/v2\/pages\/688\/revisions"}],"predecessor-version":[{"id":692,"href":"http:\/\/sinemunicipal.campinagrande.pb.gov.br\/index.php?rest_route=\/wp\/v2\/pages\/688\/revisions\/692"}],"wp:attachment":[{"href":"http:\/\/sinemunicipal.campinagrande.pb.gov.br\/index.php?rest_route=%2Fwp%2Fv2%2Fmedia&parent=688"}],"curies":[{"name":"wp","href":"https:\/\/api.w.org\/{rel}","templated":true}]}}